{"id":25,"date":"2021-11-03T11:38:19","date_gmt":"2021-11-03T10:38:19","guid":{"rendered":"https:\/\/etno.webbox.hr\/?page_id=25"},"modified":"2021-11-03T11:44:01","modified_gmt":"2021-11-03T10:44:01","slug":"posebne-ponude","status":"publish","type":"page","link":"https:\/\/etno.webbox.hr\/en\/posebne-ponude\/","title":{"rendered":"Special offers"},"content":{"rendered":"<p>Ovdje mo\u017eete prona\u0107i na\u0161e ponude koje Vama najbolje odgovaraju.<br><br>Direktne rezervacije preko na\u0161e slu\u017ebene stranice uvijek Vam garantiraju najbolju cijenu i uslugu.<\/p>","protected":false},"excerpt":{"rendered":"<p>Ovdje mo\u017eete prona\u0107i na\u0161e ponude koje Vama najbolje odgovaraju. Direktne rezervacije preko na\u0161e slu\u017ebene stranice uvijek Vam garantiraju najbolju cijenu i uslugu.<\/p>","protected":false},"author":1,"featured_media":27,"parent":0,"menu_order":0,"comment_status":"closed","ping_status":"closed","template":"","meta":{"footnotes":""},"class_list":["post-25","page","type-page","status-publish","has-post-thumbnail","hentry"],"meta_box":{"pitanjeodgovor":[],"galerija_slika":[],"naslovna_galerija":[]},"_links":{"self":[{"href":"https:\/\/etno.webbox.hr\/en\/wp-json\/wp\/v2\/pages\/25","targetHints":{"allow":["GET"]}}],"collection":[{"href":"https:\/\/etno.webbox.hr\/en\/wp-json\/wp\/v2\/pages"}],"about":[{"href":"https:\/\/etno.webbox.hr\/en\/wp-json\/wp\/v2\/types\/page"}],"author":[{"embeddable":true,"href":"https:\/\/etno.webbox.hr\/en\/wp-json\/wp\/v2\/users\/1"}],"replies":[{"embeddable":true,"href":"https:\/\/etno.webbox.hr\/en\/wp-json\/wp\/v2\/comments?post=25"}],"version-history":[{"count":1,"href":"https:\/\/etno.webbox.hr\/en\/wp-json\/wp\/v2\/pages\/25\/revisions"}],"predecessor-version":[{"id":26,"href":"https:\/\/etno.webbox.hr\/en\/wp-json\/wp\/v2\/pages\/25\/revisions\/26"}],"wp:featuredmedia":[{"embeddable":true,"href":"https:\/\/etno.webbox.hr\/en\/wp-json\/wp\/v2\/media\/27"}],"wp:attachment":[{"href":"https:\/\/etno.webbox.hr\/en\/wp-json\/wp\/v2\/media?parent=25"}],"curies":[{"name":"wp","href":"https:\/\/api.w.org\/{rel}","templated":true}]}}