{"id":116,"date":"2021-11-05T18:59:10","date_gmt":"2021-11-05T17:59:10","guid":{"rendered":"https:\/\/etno.webbox.hr\/?page_id=116"},"modified":"2021-11-05T19:03:47","modified_gmt":"2021-11-05T18:03:47","slug":"faq","status":"publish","type":"page","link":"https:\/\/etno.webbox.hr\/en\/faq\/","title":{"rendered":"FAQ"},"content":{"rendered":"<p>Prona\u0111ite odgovor na naj\u010de\u0161\u0107e postavljena pitanja<\/p>","protected":false},"excerpt":{"rendered":"<p>Prona\u0111ite odgovor na naj\u010de\u0161\u0107e postavljena pitanja<\/p>","protected":false},"author":1,"featured_media":117,"parent":0,"menu_order":0,"comment_status":"closed","ping_status":"closed","template":"","meta":{"footnotes":""},"class_list":["post-116","page","type-page","status-publish","has-post-thumbnail","hentry"],"meta_box":{"pitanjeodgovor":[{"pitanje":"Kada je vrijeme prijave i odjave u Ethno Houses ?","odgovor":"U na\u0161 hotel mo\u017eete se prijaviti od 15:00h, odjavite se mo\u017eete do 10:30h."},{"pitanje":"Da li Va\u0161 hotel poslu\u017euje doru\u010dak ?","odgovor":"Da, mo\u017eete rezervirati smje\u0161taj s uklju\u010denim doru\u010dkom ili naknadno u hotelu rezervirati doru\u010dak."},{"pitanje":"Do  koliko sati se poslu\u017euje doru\u010dak ?","odgovor":"Drago nam je da Vas mo\u017eemo obavijestiti da se doru\u010dak u na\u0161em hotelu poslu\u017euje od 07:30 - 10:00h. To zna\u010di da mo\u017eete spavati du\u017ee i uvijek \u0107ete imati bogat doru\u010dak i svje\u017ee namirnice na raspolaganju."},{"pitanje":"Da li Va\u0161 hotel sadr\u017ei restoran ?","odgovor":"Da, u sklopu Ethno Housesa-a na Plitvi\u010dkim jezerima nalazi se a la carte restoran i mo\u017eete u\u017eivati u specijalitetima na\u0161e kuhinje svakim danom od 13:00 - 23:00h."},{"pitanje":"Planiram dolazak na Plitvi\u010dka jezera s autobusom ili javnim prijevozom, kako mogu do\u0107i do Va\u0161eg hotela ?","odgovor":"Ukoliko putujete iz bilo kojeg smjera prema Plitvi\u010dkim jezerima autobusom, dovoljno je iza\u0107i na ULAZ 1 - Plitvi\u010dka jezera i obavijestiti nas o vremenu Va\u0161eg dolaska a na\u0161 voza\u010d \u0107e do\u0107i po Vas na dogovorenu lokaciju."},{"pitanje":"Mo\u017eemo li rezervirati transfer od Ethno Houses-a do nacionalnog parka Plitvi\u010dka jezera ?","odgovor":"Da, mo\u017eete rezervirati transfer za posjet nacionalnom parku Plitvi\u010dka jezera. Tako\u0111er, mo\u017eete rezervirati transfer iz bilo koje zra\u010dne luke u Hrvatskoj i na bilo koju destinaciju koja je Va\u0161e sljede\u0107e odredi\u0161te. Na\u0161i voza\u010di \u0107e se pobrinuti da stignete na vrijem i imate ugodnu vo\u017enju."},{"pitanje":"Mo\u017ee li se u Ethno Houses-u kupiti ulaznica za posjet nacionalnom parku Plitvi\u010dka jezera ? ","odgovor":"Ne, na \u017ealost u  na\u0161em hotelu ne mo\u017eete kupiti ulaznicu za posjet Plitvi\u010dkim jezerima ali putem ovog linka mo\u017eete rezervirati i kupiti svoju ulaznicu za posjet nacionalnom parku Plitvi\u010dka jezera;  https:\/\/ticketing.np-plitvicka-jezera.hr\/Index.aspx?l=HR"},{"pitanje":"Da li je u Va\u0161em hotelu dozvoljen boravak ku\u0107nih ljubimaca ?","odgovor":"Da, Ethno Houses je pet friendly hotel koji se nalazi u nacionalnom parku Plitvi\u010dka jezera i rado \u0107emo primiti Va\u0161eg ljubimca."},{"pitanje":"Da li Va\u0161 hotel ima besplatan WiFi i osigurano parkirali\u0161te za sve vrste vozila ?","odgovor":"Da, na\u0161 hotel sadr\u017ei besplatan WiFi u sobama i dostupan je u cijelom objektu. Parking je osiguran i besplatan za sve vrste vozila.."},{"pitanje":"Gdje se na Plitvi\u010dkim jezerima mo\u017ee napuniti elektri\u010dni automobili da li Va\u0161 hotel ima stanicu za elektri\u010dno punjenje automobila ?","odgovor":"Elektri\u010dna stanica za punjenje automobila na Plitvi\u010dkim jezerima nalazi se u hotelu Ethno Houses u Plitvica Selu. Da, na\u0161 hotel ima stanicu za punjenje elektri\u010dnih automobila."},{"pitanje":"Ima li objekt\/hotel Ethno Houses Plitvice Lakes Deluxe hidromasa\u017enu kadu ili jacuzzi s terasama?","odgovor":"Da, objekt Ethno Houses Plitvice Lakes i Ethno Houses Plitvi\u010dka jezera sadr\u017ee u odre\u0111enim sobama hidromasa\u017ene kade ili jacuzzije na balkonima. Vi\u0161e informacija o tome i drugim sadr\u017eajima u objektu mo\u017eete prona\u0107i na ovoj stranici pod Deluxe sobe i apartmani."},{"pitanje":"Koliko je hotel Ethno Houses udaljen od nacionalnog parka Plitvi\u010dka jezera ?","odgovor":"Ethno Houses Plitvice Lakes i Ethno Houses Plitvica Selo Deluxe udaljeni su 600 metara ili 10 minuta hoda od ulaza u nacionalni park Plitvi\u010dka jezera."},{"pitanje":"Da li je Ethno Houses popularan me\u0111u obiteljima koje  tra\u017ee smje\u0161taj na Plitvi\u010dkim jezerima ?","odgovor":"Da, Resort Ethno Houses popularan je me\u0111u gostima koji rezerviraju smje\u0161taj za obitelj."},{"pitanje":"Rezervirao  sam smje\u0161taj u Va\u0161em hotelu, da li mogu smje\u0161taj i ostale usluge platiti kreditnom karticom ?","odgovor":"Da, u na\u0161em objektu sve usluge mo\u017eete platiti kreditnim karticama; mo\u017eete upotrebljavati sve valjane kartice Visa, Maestro, Master Card, American Express i Diners."},{"pitanje":"Mo\u017eda \u0107u do\u0107i kasnije. U koliko sati se zatvara recepcija ?","odgovor":"Recepcija hotela je na raspolaganju svim na\u0161im gostima 24\/7, ako o\u010dekujete da \u0107ete kasniti obratite se direktno hotelu."},{"pitanje":"Kako mogu postati \u010dlan loyalty program za usluge smje\u0161taja u hotelu Ethno Houses kada boravim na Plitvi\u010dkim jezerima ?","odgovor":"Kako biste postali \u010dlan na\u0161eg Ethno Houses Loyalty programa dovoljno je da ispunite obrazac pod stavkom pogodnosti."},{"pitanje":"Da li mogu ostvariti popust ako rezerviram vi\u0161e soba u Va\u0161em hotelu ?","odgovor":"Sa zadovoljstvom Vas obavje\u0161tavamo kako mo\u017eete ostvariti popust na sve rezervirane smje\u0161tajne jedinice i no\u0107enja  u hotelu Ethno Houses ako rezervirate svoj smje\u0161taj putem jedne od na\u0161ih telefonskih linija za direktne rezervacije. Broj na koji mo\u017eete nazvati na\u0161 odjel rezervacija je; 00385 911234175      "}],"galerija_slika":[],"naslovna_galerija":[]},"_links":{"self":[{"href":"https:\/\/etno.webbox.hr\/en\/wp-json\/wp\/v2\/pages\/116","targetHints":{"allow":["GET"]}}],"collection":[{"href":"https:\/\/etno.webbox.hr\/en\/wp-json\/wp\/v2\/pages"}],"about":[{"href":"https:\/\/etno.webbox.hr\/en\/wp-json\/wp\/v2\/types\/page"}],"author":[{"embeddable":true,"href":"https:\/\/etno.webbox.hr\/en\/wp-json\/wp\/v2\/users\/1"}],"replies":[{"embeddable":true,"href":"https:\/\/etno.webbox.hr\/en\/wp-json\/wp\/v2\/comments?post=116"}],"version-history":[{"count":1,"href":"https:\/\/etno.webbox.hr\/en\/wp-json\/wp\/v2\/pages\/116\/revisions"}],"predecessor-version":[{"id":118,"href":"https:\/\/etno.webbox.hr\/en\/wp-json\/wp\/v2\/pages\/116\/revisions\/118"}],"wp:featuredmedia":[{"embeddable":true,"href":"https:\/\/etno.webbox.hr\/en\/wp-json\/wp\/v2\/media\/117"}],"wp:attachment":[{"href":"https:\/\/etno.webbox.hr\/en\/wp-json\/wp\/v2\/media?parent=116"}],"curies":[{"name":"wp","href":"https:\/\/api.w.org\/{rel}","templated":true}]}}